{"id":4089,"date":"2026-05-14T19:47:09","date_gmt":"2026-05-14T17:47:09","guid":{"rendered":"https:\/\/procutdevvv.i3dev.pl\/?post_type=product&#038;p=4089"},"modified":"2026-05-14T20:15:57","modified_gmt":"2026-05-14T18:15:57","slug":"ostrza-do-tarnika-fasadowego-procut-allublack-1600-mm-stal-201","status":"publish","type":"product","link":"https:\/\/procutdevvv.i3dev.pl\/sk\/product\/ostrza-do-tarnika-fasadowego-procut-allublack-1600-mm-stal-201\/","title":{"rendered":"Procut Allublack fas\u00e1dne ra\u0161ple 1600 mm (oce\u013e 201)"},"content":{"rendered":"","protected":false},"excerpt":{"rendered":"<p>Oryginalny zestaw 4 wymiennych modu\u0142\u00f3w tn\u0105cych (po 400 mm ka\u017cdy) przeznaczony do tarnika fasadowego Procut z serii Allublack (1600 mm). Ostrza zosta\u0142y wykonane z bardzo wytrzyma\u0142ej stali nierdzewnej typu 201. Gwarantuje to wysok\u0105 odporno\u015b\u0107 na \u015bcieranie mechaniczne, d\u0142ug\u0105 ostro\u015b\u0107 nawiert\u00f3w i wydajno\u015b\u0107 pozwalaj\u0105c\u0105 na obr\u00f3bk\u0119 nawet <strong>do 1500 m\u00b2 elewacji z jednego kompletu<\/strong>. W zestawie znajduj\u0105 si\u0119 dedykowane wkr\u0119ty mocuj\u0105ce, pozwalaj\u0105ce na b\u0142yskawiczny serwis na budowie.<\/p>\n<p><strong>\u2713 Bardzo wytrzyma\u0142a stal nierdzewna 201 \u2713 Zwi\u0119kszona wydajno\u015b\u0107: do 1500 m\u00b2 \u2713 Dedykowane do Allublack 1600 mm \u2713 Szybka wymiana\u00a0<\/strong><\/p>","protected":false},"featured_media":4094,"comment_status":"open","ping_status":"closed","template":"","meta":{"_acf_changed":false},"product_brand":[],"product_cat":[78],"product_tag":[81],"class_list":{"0":"post-4089","1":"product","2":"type-product","3":"status-publish","4":"has-post-thumbnail","6":"product_cat-tarniki-fasadowe","7":"product_tag-simple","8":"product_shipping_class-gabaryt-duzy","10":"first","11":"outofstock","12":"sale","13":"taxable","14":"shipping-taxable","15":"purchasable","16":"product-type-simple"},"acf":[],"_links":{"self":[{"href":"https:\/\/procutdevvv.i3dev.pl\/sk\/wp-json\/wp\/v2\/product\/4089","targetHints":{"allow":["GET"]}}],"collection":[{"href":"https:\/\/procutdevvv.i3dev.pl\/sk\/wp-json\/wp\/v2\/product"}],"about":[{"href":"https:\/\/procutdevvv.i3dev.pl\/sk\/wp-json\/wp\/v2\/types\/product"}],"replies":[{"embeddable":true,"href":"https:\/\/procutdevvv.i3dev.pl\/sk\/wp-json\/wp\/v2\/comments?post=4089"}],"version-history":[{"count":2,"href":"https:\/\/procutdevvv.i3dev.pl\/sk\/wp-json\/wp\/v2\/product\/4089\/revisions"}],"predecessor-version":[{"id":4095,"href":"https:\/\/procutdevvv.i3dev.pl\/sk\/wp-json\/wp\/v2\/product\/4089\/revisions\/4095"}],"wp:featuredmedia":[{"embeddable":true,"href":"https:\/\/procutdevvv.i3dev.pl\/sk\/wp-json\/wp\/v2\/media\/4094"}],"wp:attachment":[{"href":"https:\/\/procutdevvv.i3dev.pl\/sk\/wp-json\/wp\/v2\/media?parent=4089"}],"wp:term":[{"taxonomy":"product_brand","embeddable":true,"href":"https:\/\/procutdevvv.i3dev.pl\/sk\/wp-json\/wp\/v2\/product_brand?post=4089"},{"taxonomy":"product_cat","embeddable":true,"href":"https:\/\/procutdevvv.i3dev.pl\/sk\/wp-json\/wp\/v2\/product_cat?post=4089"},{"taxonomy":"product_tag","embeddable":true,"href":"https:\/\/procutdevvv.i3dev.pl\/sk\/wp-json\/wp\/v2\/product_tag?post=4089"}],"curies":[{"name":"wp","href":"https:\/\/api.w.org\/{rel}","templated":true}]}}