{"id":3863,"date":"2026-04-27T13:33:13","date_gmt":"2026-04-27T11:33:13","guid":{"rendered":"https:\/\/procutdevvv.i3dev.pl\/?post_type=product&#038;p=3863"},"modified":"2026-05-14T20:26:32","modified_gmt":"2026-05-14T18:26:32","slug":"akumulatorova-rucna-rezacka-polystyrenu-minova-r20-18v-136cm","status":"publish","type":"product","link":"https:\/\/procutdevvv.i3dev.pl\/sk\/product\/akumulatorova-rucna-rezacka-polystyrenu-minova-r20-18v-136cm\/","title":{"rendered":"MINOVA R20 18V akumul\u00e1torov\u00e1 ru\u010dn\u00e1 reza\u010dka polystyr\u00e9nu 136cm"},"content":{"rendered":"<div data-elementor-type=\"wp-post\" data-elementor-id=\"3863\" class=\"elementor elementor-3863\" data-elementor-post-type=\"product\">\n\t\t\t\t<div class=\"wd-negative-gap elementor-element elementor-element-b82c840 e-flex e-con-boxed e-con e-parent\" data-id=\"b82c840\" data-element_type=\"container\" data-e-type=\"container\">\n\t\t\t\t\t<div class=\"e-con-inner\">\n\t\t\t\t<div class=\"elementor-element elementor-element-44bf66e elementor-widget elementor-widget-wd_text_block\" data-id=\"44bf66e\" data-element_type=\"widget\" data-e-type=\"widget\" data-widget_type=\"wd_text_block.default\">\n\t\t\t\t<div class=\"elementor-widget-container\">\n\t\t\t\t\t\t\t<div class=\"wd-text-block reset-last-child text-left\">\n\t\t\t\n\t\t\t<p>\u0164ahanie nap\u00e1jac\u00edch k\u00e1blov po celom le\u0161en\u00ed len preto, aby ste odrezali nieko\u013eko nezvy\u010dajn\u00fdch \u010dast\u00ed, je strata \u010dasu. Akumul\u00e1torov\u00e9 rezacie rameno Minova R20 je ur\u010den\u00e9 na \u0161peci\u00e1lne \u00falohy a r\u00fdchlu pr\u00e1cu v naj\u0165a\u017e\u0161ie pr\u00edstupn\u00fdch oblastiach. Je to \u0161ikovn\u00fd n\u00e1stroj prvej vo\u013eby na pr\u00e1cu na balk\u00f3noch, v \u00fazkych rohoch alebo v zlo\u017eit\u00fdch podkrovn\u00fdch priestoroch.<\/p>\n\t\t\t\t\t<\/div>\n\t\t\t\t\t\t<\/div>\n\t\t\t\t<\/div>\n\t\t\t\t\t<\/div>\n\t\t\t\t<\/div>\n\t\t<div class=\"elementor-element elementor-element-b1b61d5 e-flex e-con-boxed e-con e-parent\" data-id=\"b1b61d5\" data-element_type=\"container\" data-e-type=\"container\">\n\t\t\t\t\t<div class=\"e-con-inner\">\n\t\t<div class=\"elementor-element elementor-element-5c1469b e-con-full e-flex e-con e-child\" data-id=\"5c1469b\" data-element_type=\"container\" data-e-type=\"container\">\n\t\t\t\t<div class=\"elementor-element elementor-element-7a3cc12 elementor-widget elementor-widget-wd_text_block\" data-id=\"7a3cc12\" data-element_type=\"widget\" data-e-type=\"widget\" data-widget_type=\"wd_text_block.default\">\n\t\t\t\t<div class=\"elementor-widget-container\">\n\t\t\t\t\t\t\t<div class=\"wd-text-block reset-last-child text-left\">\n\t\t\t\n\t\t\t<h3>\u2705 Pr\u00e1ca bez k\u00e1blov a obmedzen\u00ed<\/h3><p>18V nap\u00e1jac\u00ed zdroj je \u010disto praktick\u00fd. Zapoj\u00edte bat\u00e9riu, stla\u010d\u00edte vyp\u00edna\u010d a dr\u00f4t sa v priebehu nieko\u013ek\u00fdch sek\u00fand zahreje na prev\u00e1dzkov\u00fa teplotu. M\u00f4\u017eete sa vo\u013ene pohybova\u0165 po budove, reza\u0165 zlo\u017eit\u00e9 tvary okolo potrub\u00ed, krokiev alebo pri pr\u00e1ci na okenn\u00fdch otvoroch (\"eLki\") bez toho, aby ste museli neust\u00e1le d\u00e1va\u0165 pozor, \u010di sa predl\u017eovac\u00ed k\u00e1bel niekde nezachyt\u00ed.<\/p><p>\u00a0<\/p>\n\t\t\t\t\t<\/div>\n\t\t\t\t\t\t<\/div>\n\t\t\t\t<\/div>\n\t\t\t\t<\/div>\n\t\t<div class=\"elementor-element elementor-element-e4b49f8 e-con-full e-flex e-con e-child\" data-id=\"e4b49f8\" data-element_type=\"container\" data-e-type=\"container\">\n\t\t\t\t<div class=\"elementor-element elementor-element-e6d710f elementor-widget elementor-widget-wd_image_or_svg\" data-id=\"e6d710f\" data-element_type=\"widget\" data-e-type=\"widget\" data-widget_type=\"wd_image_or_svg.default\">\n\t\t\t\t<div class=\"elementor-widget-container\">\n\t\t\t\t\t\n\t\t<div class=\"wd-image text-left\">\n\t\t\t\t\t\t\t\t<img fetchpriority=\"high\" decoding=\"async\" width=\"1697\" height=\"1600\" src=\"https:\/\/procutdevvv.i3dev.pl\/wp-content\/uploads\/2026\/04\/calosc.jpg\" class=\"attachment-full size-full\" alt=\"\" srcset=\"https:\/\/procutdevvv.i3dev.pl\/wp-content\/uploads\/2026\/04\/calosc.jpg 1697w, https:\/\/procutdevvv.i3dev.pl\/wp-content\/uploads\/2026\/04\/calosc-300x283.jpg 300w, https:\/\/procutdevvv.i3dev.pl\/wp-content\/uploads\/2026\/04\/calosc-1024x965.jpg 1024w, https:\/\/procutdevvv.i3dev.pl\/wp-content\/uploads\/2026\/04\/calosc-768x724.jpg 768w, https:\/\/procutdevvv.i3dev.pl\/wp-content\/uploads\/2026\/04\/calosc-1536x1448.jpg 1536w, https:\/\/procutdevvv.i3dev.pl\/wp-content\/uploads\/2026\/04\/calosc-13x12.jpg 13w, https:\/\/procutdevvv.i3dev.pl\/wp-content\/uploads\/2026\/04\/calosc-1200x1131.jpg 1200w, https:\/\/procutdevvv.i3dev.pl\/wp-content\/uploads\/2026\/04\/calosc-150x141.jpg 150w\" sizes=\"(max-width: 1697px) 100vw, 1697px\" title=\"\">\t\t\t\t\t<\/div>\n\n\t\t\t\t\t\t<\/div>\n\t\t\t\t<\/div>\n\t\t\t\t<\/div>\n\t\t\t\t\t<\/div>\n\t\t\t\t<\/div>\n\t\t<div class=\"elementor-element elementor-element-257130a e-flex e-con-boxed e-con e-parent\" data-id=\"257130a\" data-element_type=\"container\" data-e-type=\"container\">\n\t\t\t\t\t<div class=\"e-con-inner\">\n\t\t<div class=\"elementor-element elementor-element-22cbfc0 e-con-full e-flex e-con e-child\" data-id=\"22cbfc0\" data-element_type=\"container\" data-e-type=\"container\">\n\t\t\t\t<div class=\"elementor-element elementor-element-4888f29 elementor-widget elementor-widget-wd_text_block\" data-id=\"4888f29\" data-element_type=\"widget\" data-e-type=\"widget\" data-widget_type=\"wd_text_block.default\">\n\t\t\t\t<div class=\"elementor-widget-container\">\n\t\t\t\t\t\t\t<div class=\"wd-text-block reset-last-child text-left\">\n\t\t\t\n\t\t\t<h3>\u2705 Ve\u013ek\u00fd rozsah rezania v ultra\u013eahkej forme:<\/h3><p>Napriek nap\u00e1janiu z bat\u00e9rie a ve\u013emi n\u00edzkej hmotnosti si stroj zachoval v\u0161etky profesion\u00e1lne rozmery sie\u0165ov\u00fdch verzi\u00ed. Maxim\u00e1lna d\u013a\u017eka rezu je a\u017e 1360 mm a v\u00fd\u0161ka 330 mm. Bez probl\u00e9mov nare\u017ee ak\u00fako\u013evek \u0161tandardn\u00fa dosku z polystyr\u00e9nu (EPS) a tvrd\u00e9ho polystyr\u00e9nu (XPS) pozd\u013a\u017ene aj prie\u010dne.<\/p><p>\u00a0<\/p>\n\t\t\t\t\t<\/div>\n\t\t\t\t\t\t<\/div>\n\t\t\t\t<\/div>\n\t\t\t\t<\/div>\n\t\t<div class=\"elementor-element elementor-element-388ba8a e-con-full e-flex e-con e-child\" data-id=\"388ba8a\" data-element_type=\"container\" data-e-type=\"container\">\n\t\t\t\t<div class=\"elementor-element elementor-element-190374d elementor-widget elementor-widget-wd_image_or_svg\" data-id=\"190374d\" data-element_type=\"widget\" data-e-type=\"widget\" data-widget_type=\"wd_image_or_svg.default\">\n\t\t\t\t<div class=\"elementor-widget-container\">\n\t\t\t\t\t\n\t\t<div class=\"wd-image text-left\">\n\t\t\t\t\t\t\t\t<img decoding=\"async\" width=\"1500\" height=\"1500\" src=\"https:\/\/procutdevvv.i3dev.pl\/wp-content\/uploads\/2026\/04\/Uzycie-przy-stole-1.jpg\" class=\"attachment-full size-full\" alt=\"\" srcset=\"https:\/\/procutdevvv.i3dev.pl\/wp-content\/uploads\/2026\/04\/Uzycie-przy-stole-1.jpg 1500w, https:\/\/procutdevvv.i3dev.pl\/wp-content\/uploads\/2026\/04\/Uzycie-przy-stole-1-300x300.jpg 300w, https:\/\/procutdevvv.i3dev.pl\/wp-content\/uploads\/2026\/04\/Uzycie-przy-stole-1-1024x1024.jpg 1024w, https:\/\/procutdevvv.i3dev.pl\/wp-content\/uploads\/2026\/04\/Uzycie-przy-stole-1-150x150.jpg 150w, https:\/\/procutdevvv.i3dev.pl\/wp-content\/uploads\/2026\/04\/Uzycie-przy-stole-1-768x768.jpg 768w, https:\/\/procutdevvv.i3dev.pl\/wp-content\/uploads\/2026\/04\/Uzycie-przy-stole-1-12x12.jpg 12w, https:\/\/procutdevvv.i3dev.pl\/wp-content\/uploads\/2026\/04\/Uzycie-przy-stole-1-600x600.jpg 600w, https:\/\/procutdevvv.i3dev.pl\/wp-content\/uploads\/2026\/04\/Uzycie-przy-stole-1-1200x1200.jpg 1200w\" sizes=\"(max-width: 1500px) 100vw, 1500px\" title=\"\">\t\t\t\t\t<\/div>\n\n\t\t\t\t\t\t<\/div>\n\t\t\t\t<\/div>\n\t\t\t\t<\/div>\n\t\t\t\t\t<\/div>\n\t\t\t\t<\/div>\n\t\t<div class=\"elementor-element elementor-element-7835951 e-flex e-con-boxed e-con e-parent\" data-id=\"7835951\" data-element_type=\"container\" data-e-type=\"container\">\n\t\t\t\t\t<div class=\"e-con-inner\">\n\t\t<div class=\"elementor-element elementor-element-22e2dc8 e-con-full e-flex e-con e-child\" data-id=\"22e2dc8\" data-element_type=\"container\" data-e-type=\"container\">\n\t\t\t\t<div class=\"elementor-element elementor-element-978a539 elementor-widget elementor-widget-wd_text_block\" data-id=\"978a539\" data-element_type=\"widget\" data-e-type=\"widget\" data-widget_type=\"wd_text_block.default\">\n\t\t\t\t<div class=\"elementor-widget-container\">\n\t\t\t\t\t\t\t<div class=\"wd-text-block reset-last-child text-left\">\n\t\t\t\n\t\t\t<h3>\u2705 zv\u00e1ran\u00fd hlin\u00edkov\u00fd r\u00e1m<\/h3><p>. Na rozdiel od lacn\u00fdch skrutkov\u00fdch st\u00fapa\u010diek je kon\u0161trukcia modelu Minova R20 zalo\u017een\u00e1 na hlin\u00edkov\u00fdch zvaroch. \u010co to znamen\u00e1 v praxi? R\u00e1m je neuverite\u013ene tuh\u00fd, neoh\u00fdba sa pod tlakom, lanko je v\u017edy napnut\u00e9 a stroj si dr\u017e\u00ed perfektn\u00fa geometriu aj po rokoch h\u00e1dzania do autobusu.<\/p>\n\t\t\t\t\t<\/div>\n\t\t\t\t\t\t<\/div>\n\t\t\t\t<\/div>\n\t\t\t\t<\/div>\n\t\t<div class=\"elementor-element elementor-element-b251420 e-con-full e-flex e-con e-child\" data-id=\"b251420\" data-element_type=\"container\" data-e-type=\"container\">\n\t\t\t\t<div class=\"elementor-element elementor-element-6794de8 elementor-widget elementor-widget-wd_image_or_svg\" data-id=\"6794de8\" data-element_type=\"widget\" data-e-type=\"widget\" data-widget_type=\"wd_image_or_svg.default\">\n\t\t\t\t<div class=\"elementor-widget-container\">\n\t\t\t\t\t\n\t\t<div class=\"wd-image text-left\">\n\t\t\t\t\t\t\t\t<img decoding=\"async\" width=\"1500\" height=\"1500\" src=\"https:\/\/procutdevvv.i3dev.pl\/wp-content\/uploads\/2026\/04\/detale.jpg\" class=\"attachment-full size-full\" alt=\"\" srcset=\"https:\/\/procutdevvv.i3dev.pl\/wp-content\/uploads\/2026\/04\/detale.jpg 1500w, https:\/\/procutdevvv.i3dev.pl\/wp-content\/uploads\/2026\/04\/detale-300x300.jpg 300w, https:\/\/procutdevvv.i3dev.pl\/wp-content\/uploads\/2026\/04\/detale-1024x1024.jpg 1024w, https:\/\/procutdevvv.i3dev.pl\/wp-content\/uploads\/2026\/04\/detale-150x150.jpg 150w, https:\/\/procutdevvv.i3dev.pl\/wp-content\/uploads\/2026\/04\/detale-768x768.jpg 768w, https:\/\/procutdevvv.i3dev.pl\/wp-content\/uploads\/2026\/04\/detale-12x12.jpg 12w, https:\/\/procutdevvv.i3dev.pl\/wp-content\/uploads\/2026\/04\/detale-600x600.jpg 600w, https:\/\/procutdevvv.i3dev.pl\/wp-content\/uploads\/2026\/04\/detale-1200x1200.jpg 1200w\" sizes=\"(max-width: 1500px) 100vw, 1500px\" title=\"\">\t\t\t\t\t<\/div>\n\n\t\t\t\t\t\t<\/div>\n\t\t\t\t<\/div>\n\t\t\t\t<\/div>\n\t\t\t\t\t<\/div>\n\t\t\t\t<\/div>\n\t\t<div class=\"elementor-element elementor-element-b8243a4 e-flex e-con-boxed e-con e-parent\" data-id=\"b8243a4\" data-element_type=\"container\" data-e-type=\"container\">\n\t\t\t\t\t<div class=\"e-con-inner\">\n\t\t<div class=\"elementor-element elementor-element-0e5838c e-con-full e-flex e-con e-child\" data-id=\"0e5838c\" data-element_type=\"container\" data-e-type=\"container\">\n\t\t\t\t<div class=\"elementor-element elementor-element-89eaf87 elementor-widget elementor-widget-wd_text_block\" data-id=\"89eaf87\" data-element_type=\"widget\" data-e-type=\"widget\" data-widget_type=\"wd_text_block.default\">\n\t\t\t\t<div class=\"elementor-widget-container\">\n\t\t\t\t\t\t\t<div class=\"wd-text-block reset-last-child text-left\">\n\t\t\t\n\t\t\t<h3>\u2705 Jednoduch\u00e1 a bezprobl\u00e9mov\u00e1 prev\u00e1dzka<\/h3><p>V\u00fdmena a nap\u00ednanie odporov\u00e9ho dr\u00f4tu tu prebieha \u00faplne bez pou\u017eitia n\u00e1radia. Nemus\u00edte po vreck\u00e1ch h\u013eada\u0165 skrutkova\u010de alebo k\u013e\u00fa\u010de - v\u0161etko zvl\u00e1dnete za p\u00e1r sek\u00fand pomocou praktick\u00fdch gomb\u00edkov.<\/p><p>\u00a0<\/p>\n\t\t\t\t\t<\/div>\n\t\t\t\t\t\t<\/div>\n\t\t\t\t<\/div>\n\t\t\t\t<\/div>\n\t\t<div class=\"elementor-element elementor-element-21988b4 e-con-full e-flex e-con e-child\" data-id=\"21988b4\" data-element_type=\"container\" data-e-type=\"container\">\n\t\t\t\t<div class=\"elementor-element elementor-element-38c4df2 elementor-widget elementor-widget-wd_image_or_svg\" data-id=\"38c4df2\" data-element_type=\"widget\" data-e-type=\"widget\" data-widget_type=\"wd_image_or_svg.default\">\n\t\t\t\t<div class=\"elementor-widget-container\">\n\t\t\t\t\t\n\t\t<div class=\"wd-image text-left\">\n\t\t\t\t\t\t\t\t<img loading=\"lazy\" decoding=\"async\" width=\"1000\" height=\"1000\" src=\"https:\/\/procutdevvv.i3dev.pl\/wp-content\/uploads\/2025\/06\/Minova-Pro-naciag-drutu.jpg\" class=\"attachment-full size-full\" alt=\"\" srcset=\"https:\/\/procutdevvv.i3dev.pl\/wp-content\/uploads\/2025\/06\/Minova-Pro-naciag-drutu.jpg 1000w, https:\/\/procutdevvv.i3dev.pl\/wp-content\/uploads\/2025\/06\/Minova-Pro-naciag-drutu-600x600.jpg 600w, https:\/\/procutdevvv.i3dev.pl\/wp-content\/uploads\/2025\/06\/Minova-Pro-naciag-drutu-150x150.jpg 150w, https:\/\/procutdevvv.i3dev.pl\/wp-content\/uploads\/2025\/06\/Minova-Pro-naciag-drutu-300x300.jpg 300w, https:\/\/procutdevvv.i3dev.pl\/wp-content\/uploads\/2025\/06\/Minova-Pro-naciag-drutu-768x768.jpg 768w\" sizes=\"(max-width: 1000px) 100vw, 1000px\" title=\"\">\t\t\t\t\t<\/div>\n\n\t\t\t\t\t\t<\/div>\n\t\t\t\t<\/div>\n\t\t\t\t<\/div>\n\t\t\t\t\t<\/div>\n\t\t\t\t<\/div>\n\t\t<div class=\"elementor-element elementor-element-7526a55 e-flex e-con-boxed e-con e-parent\" data-id=\"7526a55\" data-element_type=\"container\" data-e-type=\"container\">\n\t\t\t\t\t<div class=\"e-con-inner\">\n\t\t<div class=\"elementor-element elementor-element-fea4154 e-con-full e-flex e-con e-child\" data-id=\"fea4154\" data-element_type=\"container\" data-e-type=\"container\">\n\t\t\t\t<div class=\"elementor-element elementor-element-e279cdf elementor-widget elementor-widget-wd_text_block\" data-id=\"e279cdf\" data-element_type=\"widget\" data-e-type=\"widget\" data-widget_type=\"wd_text_block.default\">\n\t\t\t\t<div class=\"elementor-widget-container\">\n\t\t\t\t\t\t\t<div class=\"wd-text-block reset-last-child text-left\">\n\t\t\t\n\t\t\t<h3>\u2705 Kompletn\u00e1 sada<\/h3><ul><li>Akumul\u00e1torov\u00fd rezac\u00ed r\u00e1m Minova R20 18V (ty\u010dov\u00fd)<\/li><li>5 n\u00e1hradn\u00fdch rezac\u00edch dr\u00f4tov (vysokokvalitn\u00fd nikr\u00f3m)<\/li><li>Podrobn\u00fd n\u00e1vod na obsluhu v po\u013e\u0161tine<\/li><li>2 adapt\u00e9ry (na v\u00fdber Makita, Bosch, Dewalt, Miluokee)<\/li><\/ul>\n\t\t\t\t\t<\/div>\n\t\t\t\t\t\t<\/div>\n\t\t\t\t<\/div>\n\t\t\t\t<\/div>\n\t\t<div class=\"elementor-element elementor-element-b68d97b e-con-full e-flex e-con e-child\" data-id=\"b68d97b\" data-element_type=\"container\" data-e-type=\"container\">\n\t\t\t\t<div class=\"elementor-element elementor-element-d24024a elementor-widget elementor-widget-wd_image_or_svg\" data-id=\"d24024a\" data-element_type=\"widget\" data-e-type=\"widget\" data-widget_type=\"wd_image_or_svg.default\">\n\t\t\t\t<div class=\"elementor-widget-container\">\n\t\t\t\t\t\n\t\t<div class=\"wd-image text-left\">\n\t\t\t\t\t\t\t\t<img loading=\"lazy\" decoding=\"async\" width=\"1600\" height=\"1600\" src=\"https:\/\/procutdevvv.i3dev.pl\/wp-content\/uploads\/2026\/04\/zestaw2.jpg\" class=\"attachment-full size-full\" alt=\"\" srcset=\"https:\/\/procutdevvv.i3dev.pl\/wp-content\/uploads\/2026\/04\/zestaw2.jpg 1600w, https:\/\/procutdevvv.i3dev.pl\/wp-content\/uploads\/2026\/04\/zestaw2-300x300.jpg 300w, https:\/\/procutdevvv.i3dev.pl\/wp-content\/uploads\/2026\/04\/zestaw2-1024x1024.jpg 1024w, https:\/\/procutdevvv.i3dev.pl\/wp-content\/uploads\/2026\/04\/zestaw2-150x150.jpg 150w, https:\/\/procutdevvv.i3dev.pl\/wp-content\/uploads\/2026\/04\/zestaw2-768x768.jpg 768w, https:\/\/procutdevvv.i3dev.pl\/wp-content\/uploads\/2026\/04\/zestaw2-1536x1536.jpg 1536w, https:\/\/procutdevvv.i3dev.pl\/wp-content\/uploads\/2026\/04\/zestaw2-12x12.jpg 12w, https:\/\/procutdevvv.i3dev.pl\/wp-content\/uploads\/2026\/04\/zestaw2-600x600.jpg 600w, https:\/\/procutdevvv.i3dev.pl\/wp-content\/uploads\/2026\/04\/zestaw2-1200x1200.jpg 1200w\" sizes=\"(max-width: 1600px) 100vw, 1600px\" title=\"\">\t\t\t\t\t<\/div>\n\n\t\t\t\t\t\t<\/div>\n\t\t\t\t<\/div>\n\t\t\t\t<\/div>\n\t\t\t\t\t<\/div>\n\t\t\t\t<\/div>\n\t\t<div class=\"wd-negative-gap elementor-element elementor-element-e23bea0 e-flex e-con-boxed e-con e-parent\" data-id=\"e23bea0\" data-element_type=\"container\" data-e-type=\"container\">\n\t\t\t\t\t<div class=\"e-con-inner\">\n\t\t<div class=\"elementor-element elementor-element-d753615 e-con-full e-flex e-con e-child\" data-id=\"d753615\" data-element_type=\"container\" data-e-type=\"container\">\n\t\t\t\t<div class=\"elementor-element elementor-element-f23bf43 elementor-widget elementor-widget-wd_text_block\" data-id=\"f23bf43\" data-element_type=\"widget\" data-e-type=\"widget\" data-widget_type=\"wd_text_block.default\">\n\t\t\t\t<div class=\"elementor-widget-container\">\n\t\t\t\t\t\t\t<div class=\"wd-text-block reset-last-child text-left\">\n\t\t\t\n\t\t\t<h2>Technick\u00e9 \u0161pecifik\u00e1cie:<\/h2>\n\t\t\t\t\t<\/div>\n\t\t\t\t\t\t<\/div>\n\t\t\t\t<\/div>\n\t\t\t\t<\/div>\n\t\t\t\t<div class=\"elementor-element elementor-element-54b93b6 elementor-widget elementor-widget-wd_table\" data-id=\"54b93b6\" data-element_type=\"widget\" data-e-type=\"widget\" data-widget_type=\"wd_table.default\">\n\t\t\t\t<div class=\"elementor-widget-container\">\n\t\t\t\t\t\t\t<div class=\"wd-el-table-wrap wd-reset-all-last\">\n\t\t\t<table class=\"wd-el-table\">\n\t\t\t\t\t\t\t\t\t<thead class=\"text-left\">\n\t\t\t\t\t\t\t\t\t\t\t\t\t\t\t\t\t\t\t\t\t\t\t\t\t\t\t\t\t\t<tr class=\"wd-table-row elementor-repeater-item-7d56782\">\n\t\t\t\t\t\t\t\t\t\t\t\t\t\t\t\t\t\t\t\t\t\t\t\t\t\t\t<\/tr>\n\t\t\t\t\t<\/thead>\n\t\t\t\t\n\t\t\t\t<tbody class=\"text-left\">\n\t\t\t\t\t\t\t\t\t\t\t\t\t\t\t\t\t\t\t\t\t\t\t\t\t\t<tr class=\"wd-table-row elementor-repeater-item-b00c995\">\n\t\t\t\t\t\t\t\t\t\t\t\t\t\t\t\t\t\t\t\t\t\t\t\t\t\t\t\t\t\t\t<td class=\"wd-table-cell elementor-repeater-item-9420185\" colspan=\"1\" rowspan=\"1\">\n\t\t\t\t\t\t\t<p><strong>Model:<\/strong><\/p>\t\t\t\t\t\t\t<\/td>\n\t\t\t\t\t\t\t\t\t\t\t\t\t\t\t\t\t\t\t\t\t\t\t\t<td class=\"wd-table-cell elementor-repeater-item-38ed803\" colspan=\"1\" rowspan=\"1\">\n\t\t\t\t\t\t\t<p>Minova R20 (rameno s bat\u00e9riou)<\/p>\t\t\t\t\t\t\t<\/td>\n\t\t\t\t\t\t\t\t\t\t\t\t\t\t\t\t\t\t\t\t\t\t\t\t\t\t\t\t\t\t\t\t<\/tr>\n\t\t\t\t\t\t\t\t<tr class=\"wd-table-row elementor-repeater-item-cdccbfe\">\n\t\t\t\t\t\t\t\t\t\t\t\t\t\t\t\t\t\t\t\t\t\t\t\t\t\t\t\t\t\t\t<td class=\"wd-table-cell elementor-repeater-item-837e819\" colspan=\"1\" rowspan=\"1\">\n\t\t\t\t\t\t\t<p><strong>SKU:<\/strong><\/p>\t\t\t\t\t\t\t<\/td>\n\t\t\t\t\t\t\t\t\t\t\t\t\t\t\t\t\t\t\t\t\t\t\t\t<td class=\"wd-table-cell elementor-repeater-item-95476fb\" colspan=\"1\" rowspan=\"1\">\n\t\t\t\t\t\t\t<p>MV-P-R20<\/p>\t\t\t\t\t\t\t<\/td>\n\t\t\t\t\t\t\t\t\t\t\t\t\t\t\t\t\t\t\t\t\t\t\t\t\t\t\t\t\t\t\t\t<\/tr>\n\t\t\t\t\t\t\t\t<tr class=\"wd-table-row elementor-repeater-item-2fb0920\">\n\t\t\t\t\t\t\t\t\t\t\t\t\t\t\t\t\t\t\t\t\t\t\t\t\t\t\t\t\t\t\t<td class=\"wd-table-cell elementor-repeater-item-06fb2a1\" colspan=\"1\" rowspan=\"1\">\n\t\t\t\t\t\t\t<p><strong>Nap\u00e1janie:<\/strong><\/p>\t\t\t\t\t\t\t<\/td>\n\t\t\t\t\t\t\t\t\t\t\t\t\t\t\t\t\t\t\t\t\t\t\t\t<td class=\"wd-table-cell elementor-repeater-item-1a760c6\" colspan=\"1\" rowspan=\"1\">\n\t\t\t\t\t\t\t<p>18V akumul\u00e1torov\u00fd<\/p><div id=\"simple-translate\" class=\"simple-translate-system-theme\"><div><div class=\"simple-translate-button isShow\" style=\"height: 22px;width: 22px;top: 19px;left: -34px\">\u00a0<\/div><div class=\"simple-translate-panel\" style=\"width: 300px;height: 200px;top: 0px;left: 0px;font-size: 13px\"><div class=\"simple-translate-result-wrapper\" style=\"overflow: hidden\"><div class=\"simple-translate-move\">\u00a0<\/div><div class=\"simple-translate-result-contents\"><p class=\"simple-translate-result\" dir=\"auto\">\u00a0<\/p><p class=\"simple-translate-candidate\" dir=\"auto\">\u00a0<\/p><\/div><\/div><\/div><\/div><\/div>\t\t\t\t\t\t\t<\/td>\n\t\t\t\t\t\t\t\t\t\t\t\t\t\t\t\t\t\t\t\t\t\t\t\t\t\t\t\t\t\t\t\t<\/tr>\n\t\t\t\t\t\t\t\t<tr class=\"wd-table-row elementor-repeater-item-4f90d17\">\n\t\t\t\t\t\t\t\t\t\t\t\t\t\t\t\t\t\t\t\t\t\t\t\t\t\t\t\t\t\t\t<td class=\"wd-table-cell elementor-repeater-item-00c7e0e\" colspan=\"1\" rowspan=\"1\">\n\t\t\t\t\t\t\t<p><strong>Maxim\u00e1lna d\u013a\u017eka rezu:<\/strong><\/p>\t\t\t\t\t\t\t<\/td>\n\t\t\t\t\t\t\t\t\t\t\t\t\t\t\t\t\t\t\t\t\t\t\t\t<td class=\"wd-table-cell elementor-repeater-item-f2d0dfa\" colspan=\"1\" rowspan=\"1\">\n\t\t\t\t\t\t\t<p>1360 mm (136 cm)<\/p><div id=\"simple-translate\" class=\"simple-translate-system-theme\"><div><div class=\"simple-translate-button isShow\" style=\"height: 22px;width: 22px;top: 33px;left: -21px\">\u00a0<\/div><div class=\"simple-translate-panel\" style=\"width: 300px;height: 200px;top: 0px;left: 0px;font-size: 13px\"><div class=\"simple-translate-result-wrapper\" style=\"overflow: hidden\"><div class=\"simple-translate-move\">\u00a0<\/div><div class=\"simple-translate-result-contents\"><p class=\"simple-translate-result\" dir=\"auto\">\u00a0<\/p><p class=\"simple-translate-candidate\" dir=\"auto\">\u00a0<\/p><\/div><\/div><\/div><\/div><\/div>\t\t\t\t\t\t\t<\/td>\n\t\t\t\t\t\t\t\t\t\t\t\t\t\t\t\t\t\t\t\t\t\t\t\t\t\t\t\t\t\t\t\t<\/tr>\n\t\t\t\t\t\t\t\t<tr class=\"wd-table-row elementor-repeater-item-d834141\">\n\t\t\t\t\t\t\t\t\t\t\t\t\t\t\t\t\t\t\t\t\t\t\t\t\t\t\t\t\t\t\t<td class=\"wd-table-cell elementor-repeater-item-41c4ecd\" colspan=\"1\" rowspan=\"1\">\n\t\t\t\t\t\t\t<p><strong>Maxim\u00e1lna v\u00fd\u0161ka rezu:<\/strong><\/p>\t\t\t\t\t\t\t<\/td>\n\t\t\t\t\t\t\t\t\t\t\t\t\t\t\t\t\t\t\t\t\t\t\t\t<td class=\"wd-table-cell elementor-repeater-item-91748bd\" colspan=\"1\" rowspan=\"1\">\n\t\t\t\t\t\t\t<p>330 mm (33 cm)<\/p>\t\t\t\t\t\t\t<\/td>\n\t\t\t\t\t\t\t\t\t\t\t\t\t\t\t\t\t\t\t\t\t\t\t\t\t\t\t\t\t\t\t\t<\/tr>\n\t\t\t\t\t\t\t\t<tr class=\"wd-table-row elementor-repeater-item-0104d14\">\n\t\t\t\t\t\t\t\t\t\t\t\t\t\t\t\t\t\t\t\t\t\t\t\t\t\t\t\t\t\t\t<td class=\"wd-table-cell elementor-repeater-item-3032ed3\" colspan=\"1\" rowspan=\"1\">\n\t\t\t\t\t\t\t<p><strong>Hmotnos\u0165:<\/strong><\/p>\t\t\t\t\t\t\t<\/td>\n\t\t\t\t\t\t\t\t\t\t\t\t\t\t\t\t\t\t\t\t\t\t\t\t<td class=\"wd-table-cell elementor-repeater-item-63eeb8a\" colspan=\"1\" rowspan=\"1\">\n\t\t\t\t\t\t\t<p>1,4 kg<\/p>\t\t\t\t\t\t\t<\/td>\n\t\t\t\t\t\t\t\t\t\t\t\t\t\t\t\t\t\t\t\t\t\t\t\t\t\t\t\t\t\t\t\t<\/tr>\n\t\t\t\t\t\t\t\t<tr class=\"wd-table-row elementor-repeater-item-2b7f029\">\n\t\t\t\t\t\t\t\t\t\t\t\t\t\t\t\t\t\t\t\t\t\t\t\t\t\t\t\t\t\t\t<td class=\"wd-table-cell elementor-repeater-item-7304c80\" colspan=\"1\" rowspan=\"1\">\n\t\t\t\t\t\t\t<p><strong>\u00da\u010del:<\/strong><\/p>\t\t\t\t\t\t\t<\/td>\n\t\t\t\t\t\t\t\t\t\t\t\t\t\t\t\t\t\t\t\t\t\t\t\t<td class=\"wd-table-cell elementor-repeater-item-5149656\" colspan=\"1\" rowspan=\"1\">\n\t\t\t\t\t\t\t<p>Rezanie EPS (penov\u00fd polystyr\u00e9n), XPS (styrodur)<\/p>\t\t\t\t\t\t\t<\/td>\n\t\t\t\t\t\t\t\t\t\t\t\t\t\t\t\t<\/tr>\n\t\t\t\t<\/tbody>\n\t\t\t<\/table>\n\t\t<\/div>\n\t\t\t\t\t\t<\/div>\n\t\t\t\t<\/div>\n\t\t\t\t\t<\/div>\n\t\t\t\t<\/div>\n\t\t\t\t<\/div>","protected":false},"excerpt":{"rendered":"<p data-path-to-node=\"6\">Ide\u00e1lny doplnok k ve\u013ekej \u0161tandardnej fr\u00e9ze a absol\u00fatny z\u00e1chranca v stiesnen\u00fdch priestoroch. Minova R20 je ultra\u013eahk\u00fd ru\u010dn\u00fd rezac\u00ed r\u00e1m (ty\u010d) nap\u00e1jan\u00fd 18 V akumul\u00e1torom. Zabudnite na \u0165ahanie predl\u017eovac\u00edch k\u00e1blov do najvy\u0161\u0161\u00edch poschod\u00ed le\u0161enia. Pomocou neho m\u00f4\u017eete r\u00fdchlo reza\u0165 \u201eeL\u201d parapety, upravova\u0165 izol\u00e1ciu v rohoch a reza\u0165 panely tam, kde sa stacion\u00e1rny stroj nezmest\u00ed.<\/p>\n<p data-path-to-node=\"6\"><strong>\u2713 18V akumul\u00e1tor \u2713 V\u00fdkonn\u00fd rozsah rezania: W 100% zv\u00e1ran\u00fd ALU r\u00e1m \u2713 Ultra\u013eahk\u00fd a praktick\u00fd.<\/strong><\/p>","protected":false},"featured_media":3864,"comment_status":"open","ping_status":"closed","template":"","meta":{"_acf_changed":false},"product_brand":[],"product_cat":[76,87],"product_tag":[],"class_list":{"0":"post-3863","1":"product","2":"type-product","3":"status-publish","4":"has-post-thumbnail","6":"product_cat-noze-do-welny","7":"product_cat-ciecie-welny-i-pianek-pir-pur","8":"product_shipping_class-gabaryt-maly","10":"first","11":"instock","12":"sale","13":"taxable","14":"shipping-taxable","15":"purchasable","16":"product-type-simple"},"acf":[],"_links":{"self":[{"href":"https:\/\/procutdevvv.i3dev.pl\/sk\/wp-json\/wp\/v2\/product\/3863","targetHints":{"allow":["GET"]}}],"collection":[{"href":"https:\/\/procutdevvv.i3dev.pl\/sk\/wp-json\/wp\/v2\/product"}],"about":[{"href":"https:\/\/procutdevvv.i3dev.pl\/sk\/wp-json\/wp\/v2\/types\/product"}],"replies":[{"embeddable":true,"href":"https:\/\/procutdevvv.i3dev.pl\/sk\/wp-json\/wp\/v2\/comments?post=3863"}],"version-history":[{"count":5,"href":"https:\/\/procutdevvv.i3dev.pl\/sk\/wp-json\/wp\/v2\/product\/3863\/revisions"}],"predecessor-version":[{"id":3873,"href":"https:\/\/procutdevvv.i3dev.pl\/sk\/wp-json\/wp\/v2\/product\/3863\/revisions\/3873"}],"wp:featuredmedia":[{"embeddable":true,"href":"https:\/\/procutdevvv.i3dev.pl\/sk\/wp-json\/wp\/v2\/media\/3864"}],"wp:attachment":[{"href":"https:\/\/procutdevvv.i3dev.pl\/sk\/wp-json\/wp\/v2\/media?parent=3863"}],"wp:term":[{"taxonomy":"product_brand","embeddable":true,"href":"https:\/\/procutdevvv.i3dev.pl\/sk\/wp-json\/wp\/v2\/product_brand?post=3863"},{"taxonomy":"product_cat","embeddable":true,"href":"https:\/\/procutdevvv.i3dev.pl\/sk\/wp-json\/wp\/v2\/product_cat?post=3863"},{"taxonomy":"product_tag","embeddable":true,"href":"https:\/\/procutdevvv.i3dev.pl\/sk\/wp-json\/wp\/v2\/product_tag?post=3863"}],"curies":[{"name":"wp","href":"https:\/\/api.w.org\/{rel}","templated":true}]}}