{"id":3404,"date":"2025-11-30T20:11:17","date_gmt":"2025-11-30T18:11:17","guid":{"rendered":"https:\/\/procutdevvv.i3dev.pl\/?post_type=product&#038;p=3404"},"modified":"2026-05-14T20:07:33","modified_gmt":"2026-05-14T18:07:33","slug":"fasadna-rasple-na-polystyren-allublack-1600-mm-vymenitelne-cepele","status":"publish","type":"product","link":"https:\/\/procutdevvv.i3dev.pl\/sk\/product\/fasadna-rasple-na-polystyren-allublack-1600-mm-vymenitelne-cepele\/","title":{"rendered":"Fas\u00e1dna ra\u0161ple na polystyr\u00e9n AlluBlack 1600 mm Vymenite\u013en\u00e9 \u010depele"},"content":{"rendered":"","protected":false},"excerpt":{"rendered":"<p><strong>Zlat\u00fd \u0161tandard na ka\u017edej fas\u00e1de<\/strong><br \/>\nProfesion\u00e1lmi najob\u013e\u00fabenej\u0161ia ve\u013ekos\u0165. Ra\u0161ple Alu Black 1600 mm je ide\u00e1lnym kompromisom medzi dlh\u00fdm dosahom a pohodln\u00fdm man\u00e9vrovan\u00edm na le\u0161en\u00ed. Spo\u013eahlivo sl\u00fa\u017ei na r\u00fdchle hob\u013eovanie polystyr\u00e9nov\u00fdch stien a vyvedenie dokonalej z\u00e1kladnej roviny pre lepidlo a pletivo.<\/p>\n<p><strong>\u2713 D\u013a\u017eka: 160 cm \u2713 Univerz\u00e1lny pracovn\u00fd rozsah \u2713 Mimoriadne \u013eahk\u00fd a robustn\u00fd \u2713 \u017diadne oh\u00fdbanie profilu po\u010das prev\u00e1dzky<\/strong><\/p>","protected":false},"featured_media":3822,"comment_status":"open","ping_status":"closed","template":"","meta":{"_acf_changed":false},"product_brand":[],"product_cat":[78,92],"product_tag":[77],"class_list":{"0":"post-3404","1":"product","2":"type-product","3":"status-publish","4":"has-post-thumbnail","6":"product_cat-tarniki-fasadowe","7":"product_cat-obrobka-i-wykanczanie-elewacji","8":"product_tag-test","9":"product_shipping_class-gabaryt-duzy","11":"first","12":"outofstock","13":"sale","14":"taxable","15":"shipping-taxable","16":"purchasable","17":"product-type-simple"},"acf":[],"_links":{"self":[{"href":"https:\/\/procutdevvv.i3dev.pl\/sk\/wp-json\/wp\/v2\/product\/3404","targetHints":{"allow":["GET"]}}],"collection":[{"href":"https:\/\/procutdevvv.i3dev.pl\/sk\/wp-json\/wp\/v2\/product"}],"about":[{"href":"https:\/\/procutdevvv.i3dev.pl\/sk\/wp-json\/wp\/v2\/types\/product"}],"replies":[{"embeddable":true,"href":"https:\/\/procutdevvv.i3dev.pl\/sk\/wp-json\/wp\/v2\/comments?post=3404"}],"version-history":[{"count":2,"href":"https:\/\/procutdevvv.i3dev.pl\/sk\/wp-json\/wp\/v2\/product\/3404\/revisions"}],"predecessor-version":[{"id":3764,"href":"https:\/\/procutdevvv.i3dev.pl\/sk\/wp-json\/wp\/v2\/product\/3404\/revisions\/3764"}],"wp:featuredmedia":[{"embeddable":true,"href":"https:\/\/procutdevvv.i3dev.pl\/sk\/wp-json\/wp\/v2\/media\/3822"}],"wp:attachment":[{"href":"https:\/\/procutdevvv.i3dev.pl\/sk\/wp-json\/wp\/v2\/media?parent=3404"}],"wp:term":[{"taxonomy":"product_brand","embeddable":true,"href":"https:\/\/procutdevvv.i3dev.pl\/sk\/wp-json\/wp\/v2\/product_brand?post=3404"},{"taxonomy":"product_cat","embeddable":true,"href":"https:\/\/procutdevvv.i3dev.pl\/sk\/wp-json\/wp\/v2\/product_cat?post=3404"},{"taxonomy":"product_tag","embeddable":true,"href":"https:\/\/procutdevvv.i3dev.pl\/sk\/wp-json\/wp\/v2\/product_tag?post=3404"}],"curies":[{"name":"wp","href":"https:\/\/api.w.org\/{rel}","templated":true}]}}