{"id":1720,"date":"2025-07-16T19:12:10","date_gmt":"2025-07-16T19:12:10","guid":{"rendered":"https:\/\/procutdevvv.i3dev.pl\/?page_id=1720"},"modified":"2025-09-18T14:23:54","modified_gmt":"2025-09-18T12:23:54","slug":"polityka-cookies","status":"publish","type":"page","link":"https:\/\/procutdevvv.i3dev.pl\/ro\/polityka-cookies\/","title":{"rendered":"Polityka cookies"},"content":{"rendered":"<h2 class=\"wp-block-heading\">\u00a71 Wst\u0119p<\/h2>\n\n\n\n<ol class=\"wp-block-list\">\n<li>Serwis\u00a0pro-cut.pl\u00a0u\u017cywa plik\u00f3w cookies.<\/li>\n\n\n\n<li>Administratorem Serwisu pod adresem\u00a0pro-cut.pl\u00a0jest\u00a0Kacper Wojtas, prowadz\u0105cy dzia\u0142alno\u015b\u0107 gospodarcz\u0105 pod firm\u0105\u00a0itszy.pl Kacper Wojtas,\u00a0Gorliczyna 57B,\u00a037-200\u00a0Gorliczyna\u00a0. Dzia\u0142alno\u015b\u0107 gospodarcza jest wpisana do Centralnej Ewidencji i Informacji o Dzia\u0142alno\u015bci Gospodarczej pod numerem NIP:\u00a07941781602, REGON\u00a0368018213.<\/li>\n\n\n\n<li>Dokument okre\u015bla zasady funkcjonowania i wykorzystywania plik\u00f3w cookies w Serwisie\u00a0pro-cut.pl.<\/li>\n\n\n\n<li>Kontakt z osob\u0105 nadzoruj\u0105c\u0105 przetwarzanie danych osobowych w organizacji jest mo\u017cliwy drog\u0105 elektroniczn\u0105 pod adresem e-mail:\u00a0sklep@procutdevvv.i3dev.pl, pisemnie na adres Administratora lub telefonicznie pod numerem telefonu\u00a0660020443.<\/li>\n<\/ol>\n\n\n\n<h2 class=\"wp-block-heading\">\u00a72 Definicje<\/h2>\n\n\n\n<ol class=\"wp-block-list\">\n<li>Administrator \u2013\u00a0Kacper Wojtas, prowadz\u0105cy dzia\u0142alno\u015b\u0107 gospodarcz\u0105 pod firm\u0105\u00a0itszy.pl Kacper Wojtas,\u00a0Gorliczyna 57B,\u00a037-200\u00a0Gorliczyna\u00a0. Dzia\u0142alno\u015b\u0107 gospodarcza jest wpisana do Centralnej Ewidencji i Informacji o Dzia\u0142alno\u015bci Gospodarczej pod numerem NIP:\u00a07941781602, REGON\u00a0368018213<\/li>\n\n\n\n<li>Baner Cookies \u2013 interfejs wy\u015bwietlany U\u017cytkownikowi podczas pierwszej wizyty w Serwisie, umo\u017cliwiaj\u0105cy zarz\u0105dzanie zgodami na stosowanie plik\u00f3w cookies oraz podobnych technologii. Baner Cookies pozwala na akceptacj\u0119, odrzucenie lub dostosowanie ustawie\u0144 dotycz\u0105cych poszczeg\u00f3lnych kategorii plik\u00f3w cookies. Jest on dost\u0119pny w dowolnym momencie poprzez link umieszczony w Serwisie.<\/li>\n\n\n\n<li>Dane osobowe \u2013 informacje o osobie fizycznej zidentyfikowanej lub mo\u017cliwej do zidentyfikowania poprzez jeden b\u0105d\u017a kilka szczeg\u00f3lnych czynnik\u00f3w okre\u015blaj\u0105cych fizyczn\u0105, fizjologiczn\u0105, genetyczn\u0105, psychiczn\u0105, ekonomiczn\u0105, kulturow\u0105 lub spo\u0142eczn\u0105 to\u017csamo\u015b\u0107, w tym IP urz\u0105dzenia, identyfikator internetowy oraz informacje gromadzone za po\u015brednictwem plik\u00f3w cookie oraz innej podobnej technologii.<\/li>\n\n\n\n<li>Polityka \u2013 niniejsza Polityka Cookies.<\/li>\n\n\n\n<li>Pliki cookies (tzw. \u201eciasteczka&#8221;) to ma\u0142e pliki tekstowe zawieraj\u0105ce fragmenty kodu, kt\u00f3re s\u0105 zapisywane na urz\u0105dzeniu U\u017cytkownika podczas przegl\u0105dania Serwisu. W zale\u017cno\u015bci od ich funkcji pliki cookies mog\u0105 by\u0107 tymczasowe (sesyjne, usuwane po zamkni\u0119ciu przegl\u0105darki) lub trwa\u0142e (przechowywane przez okre\u015blony czas). W przypadku niekt\u00f3rych plik\u00f3w cookies, ich zawarto\u015b\u0107 mo\u017ce by\u0107 automatycznie przesy\u0142ana do serwera Serwisu lub serwera podmiotu trzeciego przy ka\u017cdym \u017c\u0105daniu przegl\u0105darki.<\/li>\n\n\n\n<li>Local Storage oraz Session Storage to technologie umo\u017cliwiaj\u0105ce przechowywanie danych w przegl\u0105darce u\u017cytkownika. W przeciwie\u0144stwie do plik\u00f3w cookies, te dane nie s\u0105 automatycznie wysy\u0142ane do serwera przy ka\u017cdym \u017c\u0105daniu. Mo\u017cesz zarz\u0105dza\u0107 ich przechowywaniem w ustawieniach swojej przegl\u0105darki.<\/li>\n\n\n\n<li>RODO \/ Rozporz\u0105dzenie RODO \u2013 rozporz\u0105dzenie Parlamentu Europejskiego i Rady (UE) 2016\/679 z 27.04.2016 r. w sprawie ochrony os\u00f3b fizycznych w zwi\u0105zku z przetwarzaniem danych osobowych i w sprawie swobodnego przep\u0142ywu takich danych oraz uchylenia dyrektywy 95\/46\/WE.<\/li>\n\n\n\n<li>Serwis \u2013 serwis internetowy prowadzony przez Administratora pod adresem\u00a0pro-cut.pl.<\/li>\n\n\n\n<li>U\u017cytkownik \u2013 ka\u017cda osoba fizyczna odwiedzaj\u0105ca Serwis lub korzystaj\u0105ca z jednej albo kilku us\u0142ug czy funkcjonalno\u015bci opisanych w Polityce.<\/li>\n<\/ol>\n\n\n\n<h2 class=\"wp-block-heading\">\u00a73 Cel przechowywania i uzyskiwania dost\u0119pu do informacji<\/h2>\n\n\n\n<ol class=\"wp-block-list\">\n<li>W Serwisie wykorzystujemy pliki cookies oraz inne technologie przechowywania danych w przegl\u0105darce, takie jak localStorage oraz sessionStorage, kt\u00f3re umo\u017cliwiaj\u0105 zapisanie informacji na urz\u0105dzeniu U\u017cytkownika.<\/li>\n\n\n\n<li>Pliki cookies oraz podobne technologie mog\u0105 by\u0107 wykorzystywane w nast\u0119puj\u0105cych celach:\n<ul class=\"wp-block-list\">\n<li>Reklamowe (ad_storage) &#8211; Umo\u017cliwiaj\u0105 przechowywanie danych powi\u0105zanych z reklamami.<\/li>\n\n\n\n<li>Preferencje reklam (ad_user_data) &#8211; Wskazuj\u0105 zgod\u0119 na wysy\u0142anie danych u\u017cytkownika m.in. do Google w celach zwi\u0105zanych z reklamami online.<\/li>\n\n\n\n<li>Personalizacja reklam (ad_personalization) &#8211; Powoduje wyra\u017cenie zgody na reklamy spersonalizowane.<\/li>\n\n\n\n<li>Analityczne (analytics_storage) &#8211; Umo\u017cliwiaj\u0105 przechowywanie danych, takich jak pliki cookie, zwi\u0105zane z analityk\u0105.<\/li>\n\n\n\n<li>Personalizacyjne (personalization_storage) &#8211; Umo\u017cliwiaj\u0105 przechowywanie danych zwi\u0105zanych z personalizacj\u0105 Serwisu.<\/li>\n\n\n\n<li>Funkcjonalne (functionality_storage) &#8211; Umo\u017cliwiaj\u0105 przechowywanie danych niezb\u0119dnych do prawid\u0142owego dzia\u0142ania Serwisu.<\/li>\n\n\n\n<li>Bezpiecze\u0144stwo (security_storage) &#8211; Umo\u017cliwiaj\u0105 przechowywanie danych zwi\u0105zanych z zabezpieczeniami czy uwierzytelnianiem.<\/li>\n<\/ul>\n<\/li>\n<\/ol>\n\n\n\n<h2 class=\"wp-block-heading\">\u00a74 Stosowane pliki Cookie<\/h2>\n\n\n\n<ol class=\"wp-block-list\">\n<li>W Serwisie wykorzystujemy pliki cookies.<\/li>\n\n\n\n<li>Szczeg\u00f3\u0142owe informacje na temat stosowanych plik\u00f3w cookies (np. ich cel\u00f3w, czasu przechowywania lub dostawc\u00f3w zewn\u0119trznych) znajduj\u0105 si\u0119 w naszym banerze cookies, kt\u00f3ry wy\u015bwietla si\u0119 przy pierwszej wizycie na stronie.<\/li>\n\n\n\n<li>Mo\u017cesz edytowa\u0107 lub cofn\u0105\u0107 wyra\u017cone w banerze cookies zgody w dowolnym momencie. Aby ponownie otworzy\u0107 baner cookies\u00a0kliknij w odpowiedni link w formie graficznej lub tekstowej.<\/li>\n<\/ol>\n\n\n\n<h2 class=\"wp-block-heading\">\u00a75 Zgoda na stosowanie plik\u00f3w cookies<\/h2>\n\n\n\n<ol class=\"wp-block-list\">\n<li>Podczas wizyty w Serwisie zostanie wy\u015bwietlony komunikat informuj\u0105cy (baner cookies), \u017ce wykorzystuje on pliki cookies. Istnieje mo\u017cliwo\u015b\u0107 odrzucenia plik\u00f3w cookies oraz ich modyfikowania.<\/li>\n<\/ol>\n\n\n\n<h2 class=\"wp-block-heading\">\u00a76 Modyfikowanie ustawie\u0144 plik\u00f3w cookies<\/h2>\n\n\n\n<ol class=\"wp-block-list\">\n<li>Zgoda u\u017cytkownika mo\u017ce zosta\u0107 cofni\u0119ta w dowolnym momencie. Wycofanie zgody nie wp\u0142ywa na zgodno\u015b\u0107 z prawem przetwarzania, kt\u00f3rego dokonano na podstawie zgody przed jej wycofaniem. Zgodami na wykorzystywanie plik\u00f3w cookies mo\u017cna zarz\u0105dza\u0107 za po\u015brednictwem ustawie\u0144 prywatno\u015bci na stronie w banerze cookies lub za pomoc\u0105 swojej przegl\u0105darki internetowej.<\/li>\n\n\n\n<li>Poni\u017cej wskazujemy spos\u00f3b zmiany ustawie\u0144 cookies w najbardziej popularnych wyszukiwarkach:\n<ul class=\"wp-block-list\">\n<li>Google Chrome: Menu > Ustawienia > Prywatno\u015b\u0107 i bezpiecze\u0144stwo \u2013 nale\u017cy wybra\u0107 odpowiedni\u0105 opcj\u0119.<\/li>\n\n\n\n<li>Internet Explorer: Menu > Ustawienia > Pliki cookie i uprawnienia witryny \u2013 nale\u017cy wybra\u0107 odpowiedni\u0105 opcj\u0119.<\/li>\n\n\n\n<li>Mozilla Firefox: Menu > Preferencje > Prywatno\u015b\u0107 i bezpiecze\u0144stwo > Ciasteczka i dane witryn \u2013 nale\u017cy wybra\u0107 odpowiedni\u0105 opcj\u0119.<\/li>\n\n\n\n<li>Opera: Menu > Ustawienia > Prywatno\u015b\u0107 i bezpiecze\u0144stwo \u2013 nale\u017cy wybra\u0107 odpowiedni\u0105 opcj\u0119.<\/li>\n\n\n\n<li>Safari: Menu > Preferencje > Prywatno\u015b\u0107 > Pliki cookies \u2013 nale\u017cy wybra\u0107 odpowiedni\u0105 opcj\u0119.<\/li>\n<\/ul>\n<\/li>\n\n\n\n<li>Brak wyra\u017cenia zgody na pliki cookies mo\u017ce ogranicza\u0107 dzia\u0142anie niekt\u00f3rych funkcjonalno\u015bci na Stronie.<\/li>\n<\/ol>\n\n\n\n<h2 class=\"wp-block-heading\">\u00a77 Zmiany Polityki cookies<\/h2>\n\n\n\n<ol class=\"wp-block-list\">\n<li>Zmiany plik\u00f3w cookies b\u0119d\u0105 na bie\u017c\u0105co aktualizowane w okienku do zarz\u0105dzania zgodami cookies w Serwisie.<\/li>\n\n\n\n<li>Polityka jest na bie\u017c\u0105co weryfikowana i aktualizowana.<\/li>\n\n\n\n<li>Aktualna wersja Polityki zosta\u0142a przyj\u0119ta i obowi\u0105zuje od\u00a02025-07-17.<\/li>\n<\/ol>","protected":false},"excerpt":{"rendered":"<p>\u00a71 Wst\u0119p \u00a72 Definicje \u00a73 Cel przechowywania i uzyskiwania dost\u0119pu do informacji \u00a74 Stosowane pliki Cookie \u00a75 Zgoda na stosowanie<\/p>","protected":false},"author":1,"featured_media":0,"parent":0,"menu_order":0,"comment_status":"closed","ping_status":"closed","template":"","meta":{"_acf_changed":false,"footnotes":""},"class_list":["post-1720","page","type-page","status-publish","hentry"],"acf":[],"_links":{"self":[{"href":"https:\/\/procutdevvv.i3dev.pl\/ro\/wp-json\/wp\/v2\/pages\/1720","targetHints":{"allow":["GET"]}}],"collection":[{"href":"https:\/\/procutdevvv.i3dev.pl\/ro\/wp-json\/wp\/v2\/pages"}],"about":[{"href":"https:\/\/procutdevvv.i3dev.pl\/ro\/wp-json\/wp\/v2\/types\/page"}],"author":[{"embeddable":true,"href":"https:\/\/procutdevvv.i3dev.pl\/ro\/wp-json\/wp\/v2\/users\/1"}],"replies":[{"embeddable":true,"href":"https:\/\/procutdevvv.i3dev.pl\/ro\/wp-json\/wp\/v2\/comments?post=1720"}],"version-history":[{"count":3,"href":"https:\/\/procutdevvv.i3dev.pl\/ro\/wp-json\/wp\/v2\/pages\/1720\/revisions"}],"predecessor-version":[{"id":2329,"href":"https:\/\/procutdevvv.i3dev.pl\/ro\/wp-json\/wp\/v2\/pages\/1720\/revisions\/2329"}],"wp:attachment":[{"href":"https:\/\/procutdevvv.i3dev.pl\/ro\/wp-json\/wp\/v2\/media?parent=1720"}],"curies":[{"name":"wp","href":"https:\/\/api.w.org\/{rel}","templated":true}]}}