{"id":1825,"date":"2025-07-25T06:36:10","date_gmt":"2025-07-25T06:36:10","guid":{"rendered":"https:\/\/procutdevvv.i3dev.pl\/?page_id=1825"},"modified":"2025-09-18T14:23:56","modified_gmt":"2025-09-18T12:23:56","slug":"polityka-opinii","status":"publish","type":"page","link":"https:\/\/procutdevvv.i3dev.pl\/it\/polityka-opinii\/","title":{"rendered":"Polityka opinii"},"content":{"rendered":"<h2 class=\"wp-block-heading\">\u00a71 Postanowienia og\u00f3lne<\/h2>\n\n\n\n<ol class=\"wp-block-list\">\n<li>Niniejsza Polityka Opinii reguluje zasady dodawania, publikowania oraz weryfikowania opinii dotycz\u0105cych produkt\u00f3w lub us\u0142ug oferowanych przez W\u0142a\u015bciciela Serwisu.<\/li>\n\n\n\n<li>W\u0142a\u015bcicielem Serwisu pod adresem&nbsp;pro-cut.pl&nbsp;jest&nbsp;Kacper Wojtas, prowadz\u0105cy dzia\u0142alno\u015b\u0107 gospodarcz\u0105 pod firm\u0105&nbsp;itszy.pl Kacper Wojtas,&nbsp;Gorliczyna 57B,&nbsp;37-200&nbsp;Gorliczyna. Dzia\u0142alno\u015b\u0107 gospodarcza jest wpisana do Centralnej Ewidencji i Informacji o Dzia\u0142alno\u015bci Gospodarczej pod numerem NIP:&nbsp;7941781602, REGON&nbsp;368018213.<\/li>\n<\/ol>\n\n\n\n<h2 class=\"wp-block-heading\">\u00a72 Definicje<\/h2>\n\n\n\n<ol class=\"wp-block-list\">\n<li>Konsument &#8211; osoba fizyczna dokonuj\u0105ca z przedsi\u0119biorc\u0105 czynno\u015bci prawnej niezwi\u0105zanej bezpo\u015brednio z jej dzia\u0142alno\u015bci\u0105 gospodarcz\u0105 lub zawodow\u0105 (definicja na podstawie art. 221 Kodeksu Cywilnego).<\/li>\n\n\n\n<li>Kodeks Cywilny &#8211; Ustawa z dnia 23 kwietnia 1964 r. &#8211; Kodeks cywilny (Dz.U. 1964 nr 16 poz. 93).<\/li>\n\n\n\n<li>Polityka Opinii \u2013 niniejszy dokument.<\/li>\n\n\n\n<li>Produkt \u2013 ka\u017cdy towar lub us\u0142uga w rozumieniu art. 2 pkt 3 ustawy o przeciwdzia\u0142aniu nieuczciwym praktykom rynkowym; Produkt ma charakter odp\u0142atny, chyba \u017ce wskazano inaczej.<\/li>\n\n\n\n<li>Serwis \u2013 serwis internetowy dost\u0119pny pod adresem&nbsp;pro-cut.pl.<\/li>\n\n\n\n<li>Media spo\u0142eczno\u015bciowe &#8211; konta lub profile prowadzone w portalach spo\u0142eczno\u015bciowych, m.in. Facebook, Instagram, Linkedin.<\/li>\n\n\n\n<li>Opinia \u2013 subiektywne wypowiedzi U\u017cytkownik\u00f3w publikowane w Serwisie przez W\u0142a\u015bciciela Serwisu na zasadach niniejszej Polityki Opinii.<\/li>\n\n\n\n<li>Ustawa o przeciwdzia\u0142aniu nieuczciwym praktykom rynkowym \u2013 ustawa z dnia 23 sierpnia 2007 r.<\/li>\n\n\n\n<li>Us\u0142uga cyfrowa \u2013 us\u0142uga pozwalaj\u0105c\u0105 Klientowi na: a) wytwarzanie, przetwarzanie, przechowywanie lub dost\u0119p do danych w postaci cyfrowej, b) wsp\u00f3lne korzystanie z danych w postaci cyfrowej, kt\u00f3re zosta\u0142y przes\u0142ane lub wytworzone przez konsumenta lub innych u\u017cytkownik\u00f3w tej us\u0142ugi, c) inne formy interakcji za pomoc\u0105 takich danych.<\/li>\n\n\n\n<li>Us\u0142uga elektroniczna \u2013 us\u0142uga \u015bwiadczona drog\u0105 elektroniczn\u0105 za po\u015brednictwem Sklepu; us\u0142uga w rozumieniu art. 2 pkt 4 ustawy o \u015bwiadczeniu us\u0142ug drog\u0105 elektroniczn\u0105.<\/li>\n\n\n\n<li>U\u017cytkownik &#8211; ka\u017cda osoba fizyczna odwiedzaj\u0105ca Serwis lub korzystaj\u0105ca z jednej albo kilku us\u0142ug czy funkcjonalno\u015bci opisanych w Polityce.<\/li>\n\n\n\n<li>W\u0142a\u015bciciel Serwisu \u2013&nbsp;Kacper Wojtas, prowadz\u0105cy dzia\u0142alno\u015b\u0107 gospodarcz\u0105 pod firm\u0105&nbsp;itszy.pl Kacper Wojtas,&nbsp;Gorliczyna 57B,&nbsp;37-200&nbsp;Gorliczyna. Dzia\u0142alno\u015b\u0107 gospodarcza jest wpisana do Centralnej Ewidencji i Informacji o Dzia\u0142alno\u015bci Gospodarczej pod numerem NIP:&nbsp;7941781602, REGON&nbsp;368018213<\/li>\n<\/ol>\n\n\n\n<h2 class=\"wp-block-heading\">\u00a73 Zasady publikowania opinii<\/h2>\n\n\n\n<ol class=\"wp-block-list\">\n<li>Opinie o Produktach lub Us\u0142ugach wystawione przez Konsument\u00f3w s\u0105 dost\u0119pne publicznie.&nbsp;W\u0142a\u015bciciel Serwisu publikuje opinie zweryfikowane i\/lub niezweryfikowane. Opinie zweryfikowane s\u0105 dodatkowo i czytelnie oznaczone jako zweryfikowane.<\/li>\n\n\n\n<li>W Serwisie publikowane s\u0105 opinie pozytywne, neutralne i negatywne.<\/li>\n\n\n\n<li>Autorami opinii s\u0105:\n<ul class=\"wp-block-list\">\n<li>osoby, kt\u00f3re zakupi\u0142y Produkt lub Us\u0142ug\u0119<\/li>\n\n\n\n<li>osoby, kt\u00f3re otrzyma\u0142y Produkt lub Us\u0142ug\u0119 bez uiszczenia zap\u0142aty<\/li>\n\n\n\n<li>osoby korzystaj\u0105ce z Produktu lub Us\u0142ugi<\/li>\n\n\n\n<li>osoby, kt\u00f3re otrzyma\u0142y Produkt lub Us\u0142ug\u0119 na podstawie umowy barteru lub innej umowy<\/li>\n<\/ul>\n<\/li>\n\n\n\n<li>W\u0142a\u015bciciel umieszcza w Serwisie Opinie publikowane przez U\u017cytkownik\u00f3w pochodz\u0105ce bezpo\u015brednio ze Strony, jak r\u00f3wnie\u017c publikowane w Mediach spo\u0142eczno\u015bciowych lub innych serwisach internetowych.<\/li>\n\n\n\n<li>Opinie zamieszczone w Serwisie s\u0105 niezale\u017cne i nie sponsorowane.<\/li>\n\n\n\n<li>U\u017cytkownik z chwil\u0105 opublikowania Opinii udziela W\u0142a\u015bcicielowi Serwisu nieodp\u0142atnej zgody na korzystanie oraz rozpowszechnianie i publikowanie zamieszczonej Opinii wraz z danymi jej autora.<\/li>\n<\/ol>\n\n\n\n<h2 class=\"wp-block-heading\">\u00a74 Weryfikacja Opinii<\/h2>\n\n\n\n<ol class=\"wp-block-list\">\n<li>Opinie s\u0105 publikowane przez W\u0142a\u015bciciela Serwisu po ich wcze\u015bniejszej weryfikacji.<\/li>\n\n\n\n<li>U\u017cytkownicy mog\u0105 podzieli\u0107 si\u0119 opini\u0105 za pomoc\u0105 m.in.:&nbsp;formularz na stronie, komentarz pod oferowanym Produktem lub Us\u0142ug\u0105, profil Google Moja Firma, profile w mediach spo\u0142eczno\u015bciowych, marketplace.<\/li>\n\n\n\n<li>Weryfikacja Opinii nast\u0119puje m.in.&nbsp;poprzez bezpo\u015bredni kontakt z U\u017cytkownikiem z podzi\u0119kowaniem za opini\u0119; poprzez przes\u0142anie do U\u017cytkownik\u00f3w dedykowanego linku do pozostawienia opinii; poprzez zalogowanie si\u0119 do Serwisu za pomoc\u0105 Konta, dzi\u0119ki kt\u00f3remu dokonano zakupu.<\/li>\n\n\n\n<li>W przypadku w\u0105tpliwo\u015bci dotycz\u0105cych tego, czy opinia pochodzi od osoby korzystaj\u0105cej z Produkt\u00f3w lub Us\u0142ugi W\u0142a\u015bciciela Serwisu, opinia ta nie b\u0119dzie publikowana jako zweryfikowana.<\/li>\n\n\n\n<li>Publikowane opinie maj\u0105 na celu przedstawienie korzy\u015bci zwi\u0105zanych z korzystaniem z Produkt\u00f3w lub Us\u0142ugi W\u0142a\u015bciciela Serwisu, kt\u00f3re to korzy\u015bci zosta\u0142y dostrze\u017cone przez dotychczasowych U\u017cytkownik\u00f3w.<\/li>\n\n\n\n<li>W\u0142a\u015bciciel Serwisu nie korzysta z opinii sponsorowanych lub barterowych.<\/li>\n<\/ol>\n\n\n\n<h2 class=\"wp-block-heading\">\u00a75 Publikowanie, modyfikowanie i usuwanie Opinii<\/h2>\n\n\n\n<ol class=\"wp-block-list\">\n<li>Opinia publikowana jest w postaci, w jakiej udzieli\u0142 jej Konsument, tzn. nie jest ona edytowana, skracana ani modyfikowana.<\/li>\n\n\n\n<li>Opinia zostaje poddana modyfikacji lub usuni\u0119ciu w sytuacji, gdy:\n<ul class=\"wp-block-list\">\n<li>jest sprzeczna z prawem lub dobrymi obyczajami,<\/li>\n\n\n\n<li>narusza lub ogranicza prawa os\u00f3b trzecich,<\/li>\n\n\n\n<li>jest nieprawdziwa lub wprowadzaj\u0105ca w b\u0142\u0105d,<\/li>\n\n\n\n<li>zawiera szkodliwe oprogramowania lub pliki,<\/li>\n\n\n\n<li>zawiera b\u0142\u0119dy stylistyczne, ortograficzne, gramatyczne,<\/li>\n\n\n\n<li>dotyczy Produktu lub Us\u0142ugi niedost\u0119pnych w sprzeda\u017cy<\/li>\n<\/ul>\n<\/li>\n<\/ol>\n\n\n\n<h2 class=\"wp-block-heading\">\u00a76 Reklamacje<\/h2>\n\n\n\n<ol class=\"wp-block-list\">\n<li>U\u017cytkownik mo\u017ce z\u0142o\u017cy\u0107 reklamacj\u0119 dotycz\u0105c\u0105 zamieszczania Opinii w formie elektronicznej na adres e-mail&nbsp;sklep@procutdevvv.i3dev.pl&nbsp;lub pisemnej na adres&nbsp;Gorliczyna 57B,&nbsp;37-200&nbsp;Gorliczyna&nbsp;zgodnie ze wzorem za\u0142\u0105cznik nr 1.<\/li>\n\n\n\n<li>Wszelkie reklamacje rozpatrywane s\u0105 niezw\u0142ocznie, nie p\u00f3\u017aniej ni\u017c w terminie 14 dni od dnia z\u0142o\u017cenia reklamacji.<\/li>\n<\/ol>\n\n\n\n<h2 class=\"wp-block-heading\">\u00a77 Odpowiedzialno\u015b\u0107<\/h2>\n\n\n\n<ol class=\"wp-block-list\">\n<li>U\u017cytkownicy ponosz\u0105 wy\u0142\u0105czn\u0105 odpowiedzialno\u015b\u0107 za opublikowane Opinie.<\/li>\n<\/ol>\n\n\n\n<h2 class=\"wp-block-heading\">\u00a78 Zmiany Polityki prywatno\u015bci<\/h2>\n\n\n\n<ol class=\"wp-block-list\">\n<li>1. Polityka jest na bie\u017c\u0105co weryfikowana i aktualizowana.<\/li>\n\n\n\n<li>2. Aktualna wersja Polityki zosta\u0142a przyj\u0119ta i obowi\u0105zuje od&nbsp;2025-07-17.<\/li>\n<\/ol>\n\n\n\n<h2 class=\"wp-block-heading\">\u00a79 Postanowienia ko\u0144cowe<\/h2>\n\n\n\n<ol class=\"wp-block-list\">\n<li>Najnowsza wersja Polityki Opinii jest publikowana w Serwisie.<\/li>\n\n\n\n<li>W celu ci\u0105g\u0142ego ulepszania procesu weryfikacji Opinii, W\u0142a\u015bciciel Serwisu na bie\u017c\u0105co aktualizuje Polityk\u0119 Opinii.<\/li>\n<\/ol>\n\n\n\n<p><\/p>\n\n\n\n<p>Za\u0142\u0105cznik nr 1.<\/p>\n\n\n\n<h3 class=\"wp-block-heading\">FORMULARZ REKLAMACJI<\/h3>\n\n\n\n<p>Wype\u0142nij formularz w przypadku ch\u0119ci z\u0142o\u017cenia reklamacji dot. zamieszczonej opinii.<\/p>\n\n\n\n<p>Data i miasto:<\/p>\n\n\n\n<p>Twoje imi\u0119 i nazwisko:<br>Tw\u00f3j adres:<br>Tw\u00f3j e-mail:<br>Tw\u00f3j telefon:<\/p>\n\n\n\n<p>itszy.pl Kacper Wojtas<br>Gorliczyna 57B<br>37-200&nbsp;Gorliczyna<\/p>\n\n\n\n<p>Dzia\u0142aj\u0105c w imieniu w\u0142asnym informuj\u0119, i\u017c Opinia widoczna w Serwisie jest niezgodna ze stanem faktycznym.<\/p>\n\n\n\n<p>Niezgodno\u015b\u0107 Opinii ze stanem faktycznym polega na:<\/p>\n\n\n\n<p>Niezgodno\u015b\u0107 zosta\u0142a stwierdzona w dniu:<\/p>\n\n\n\n<p>Z uwagi na powy\u017csze, prosz\u0119 o:<\/p>\n\n\n\n<p><\/p>\n\n\n\n<h2 class=\"wp-block-heading\">Klauzula ochrony tre\u015bci:<\/h2>\n\n\n\n<p><em>Dokument zosta\u0142 opracowany z nale\u017cyt\u0105 staranno\u015bci\u0105 i na zlecenie, a jego tre\u015b\u0107 jest chroniona zar\u00f3wno pod wzgl\u0119dem merytorycznym, jak i redakcyjnym.<\/em><\/p>\n\n\n\n<p><em>Niniejszy dokument stanowi w\u0142asno\u015b\u0107 intelektualn\u0105 firmy <strong>iTszy.pl Kacper Wojtas<\/strong> i podlega ochronie na mocy przepis\u00f3w prawa autorskiego. Zabrania si\u0119 jego kopiowania, powielania, rozpowszechniania lub wykorzystywania w ca\u0142o\u015bci b\u0105d\u017a w cz\u0119\u015bci \u2013 w szczeg\u00f3lno\u015bci w celach komercyjnych lub do tworzenia analogicznych dokument\u00f3w \u2013 bez uprzedniej, pisemnej zgody w\u0142a\u015bciciela.<\/em><\/p>\n\n\n\n<p><\/p>\n\n\n\n<p><\/p>","protected":false},"excerpt":{"rendered":"<p>\u00a71 Postanowienia og\u00f3lne \u00a72 Definicje \u00a73 Zasady publikowania opinii \u00a74 Weryfikacja Opinii \u00a75 Publikowanie, modyfikowanie i usuwanie Opinii \u00a76 Reklamacje<\/p>","protected":false},"author":1,"featured_media":0,"parent":0,"menu_order":0,"comment_status":"closed","ping_status":"closed","template":"","meta":{"_acf_changed":false,"footnotes":""},"class_list":["post-1825","page","type-page","status-publish","hentry"],"acf":[],"_links":{"self":[{"href":"https:\/\/procutdevvv.i3dev.pl\/it\/wp-json\/wp\/v2\/pages\/1825","targetHints":{"allow":["GET"]}}],"collection":[{"href":"https:\/\/procutdevvv.i3dev.pl\/it\/wp-json\/wp\/v2\/pages"}],"about":[{"href":"https:\/\/procutdevvv.i3dev.pl\/it\/wp-json\/wp\/v2\/types\/page"}],"author":[{"embeddable":true,"href":"https:\/\/procutdevvv.i3dev.pl\/it\/wp-json\/wp\/v2\/users\/1"}],"replies":[{"embeddable":true,"href":"https:\/\/procutdevvv.i3dev.pl\/it\/wp-json\/wp\/v2\/comments?post=1825"}],"version-history":[{"count":4,"href":"https:\/\/procutdevvv.i3dev.pl\/it\/wp-json\/wp\/v2\/pages\/1825\/revisions"}],"predecessor-version":[{"id":2330,"href":"https:\/\/procutdevvv.i3dev.pl\/it\/wp-json\/wp\/v2\/pages\/1825\/revisions\/2330"}],"wp:attachment":[{"href":"https:\/\/procutdevvv.i3dev.pl\/it\/wp-json\/wp\/v2\/media?parent=1825"}],"curies":[{"name":"wp","href":"https:\/\/api.w.org\/{rel}","templated":true}]}}