{"id":1819,"date":"2025-07-25T06:15:47","date_gmt":"2025-07-25T06:15:47","guid":{"rendered":"https:\/\/procutdevvv.i3dev.pl\/?page_id=1819"},"modified":"2025-09-18T14:23:47","modified_gmt":"2025-09-18T12:23:47","slug":"newsletter","status":"publish","type":"page","link":"https:\/\/procutdevvv.i3dev.pl\/hu\/newsletter\/","title":{"rendered":"Newsletter"},"content":{"rendered":"<h2 class=\"wp-block-heading\">Poni\u017cej znajdziesz informacje na temat list newsletterowych, do kt\u00f3rych jeste\u015b zapisany. <\/h2>\n\n\n\n<p><strong><span id=\"bwfan_contact_name\">John<\/span><\/strong>\u00a0, <strong><span id=\"bwfan_contact_firstname\">John<\/span><\/strong>\u00a0,\u00a0<strong><span id=\"bwfan_contact_lastname\">Doe<\/span><\/strong>\u00a0,\u00a0<strong><span id=\"bwfan_contact_email\">john@example.com<\/span><\/strong>\u00a0\u00a0<strong><\/strong>\u00a0<\/p>","protected":false},"excerpt":{"rendered":"<p>Poni\u017cej znajdziesz informacje na temat list newsletterowych, do kt\u00f3rych jeste\u015b zapisany. \u00a0, \u00a0,\u00a0\u00a0,\u00a0\u00a0\u00a0\u00a0<\/p>","protected":false},"author":1,"featured_media":0,"parent":0,"menu_order":0,"comment_status":"closed","ping_status":"closed","template":"","meta":{"_acf_changed":false,"footnotes":""},"class_list":["post-1819","page","type-page","status-publish","hentry"],"acf":[],"_links":{"self":[{"href":"https:\/\/procutdevvv.i3dev.pl\/hu\/wp-json\/wp\/v2\/pages\/1819","targetHints":{"allow":["GET"]}}],"collection":[{"href":"https:\/\/procutdevvv.i3dev.pl\/hu\/wp-json\/wp\/v2\/pages"}],"about":[{"href":"https:\/\/procutdevvv.i3dev.pl\/hu\/wp-json\/wp\/v2\/types\/page"}],"author":[{"embeddable":true,"href":"https:\/\/procutdevvv.i3dev.pl\/hu\/wp-json\/wp\/v2\/users\/1"}],"replies":[{"embeddable":true,"href":"https:\/\/procutdevvv.i3dev.pl\/hu\/wp-json\/wp\/v2\/comments?post=1819"}],"version-history":[{"count":4,"href":"https:\/\/procutdevvv.i3dev.pl\/hu\/wp-json\/wp\/v2\/pages\/1819\/revisions"}],"predecessor-version":[{"id":2327,"href":"https:\/\/procutdevvv.i3dev.pl\/hu\/wp-json\/wp\/v2\/pages\/1819\/revisions\/2327"}],"wp:attachment":[{"href":"https:\/\/procutdevvv.i3dev.pl\/hu\/wp-json\/wp\/v2\/media?parent=1819"}],"curies":[{"name":"wp","href":"https:\/\/api.w.org\/{rel}","templated":true}]}}